{"id":13,"date":"2023-05-21T20:33:52","date_gmt":"2023-05-21T10:33:52","guid":{"rendered":"https:\/\/www.cdcgvnbrisbane.net\/?page_id=13"},"modified":"2025-04-12T10:25:28","modified_gmt":"2025-04-12T00:25:28","slug":"safeguard","status":"publish","type":"page","link":"https:\/\/test.cdcgvnbrisbane.net\/?page_id=13","title":{"rendered":"Safeguard"},"content":{"rendered":"<h1 style=\"text-align: center;\"><strong>VI\u1ec6C B\u1ea2O V\u1ec6 TR\u1eba EM<\/strong><\/h1><h3 style=\"text-align: center;\">C\u1ea3 C\u1ed9ng \u0110\u1ed3ng C\u00f9ng Chung Tay<\/h3><p style=\"text-align: center;\">Chi ti\u1ebft v\u00e0 ch\u00ednh s\u00e1ch v\u1ec1 vi\u1ec7c b\u1ea3o v\u1ec7 tr\u1ebb em v\u00e0 ng\u01b0\u1eddi l\u1edbn d\u1ec5 b\u1ecb t\u1ed5n th\u01b0\u01a1ng c\u1ee7a t\u1ed5ng \u0111\u1ecba ph\u1eadn Brisbane:<\/p>\n<p style=\"text-align: center;\"><a style=\"color: #ff0000;\" href=\"http:\/\/brisbanecatholic.org.au\/support\/safeguard\/\" target=\"_blank\" rel=\"noreferrer noopener\">http:\/\/brisbanecatholic.org.au\/support\/safeguard\/<\/a><\/p>\n<p><!-- \/wp:post-content --><!-- wp:paragraph --><\/p>\t\t\n\t\t\t\t\t\t\t<i>\u201c\u2026v\u00ec N\u01b0\u1edbc Thi\u00ean Ch\u00faa l\u00e0 c\u1ee7a nh\u1eefng ai gi\u1ed1ng nh\u01b0 ch\u00fang.\u201d<\/i> (M\u00e1c-c\u00f4 10:14)<br>Tr\u1ebb em, thanh thi\u1ebfu ni\u00ean v\u00e0 ng\u01b0\u1eddi l\u1edbn d\u1ec5 b\u1ecb t\u1ed5n th\u01b0\u01a1ng l\u00e0 m\u00f3n qu\u00e0 t\u1eeb Thi\u00ean Ch\u00faa v\u1edbi quy\u1ec1n t\u1ef1 do v\u1ec1 ph\u1ea9m gi\u00e1 c\u1ee7a cu\u1ed9c s\u1ed1ng, s\u1ef1 t\u00f4n tr\u1ecdng v\u00e0 an to\u00e0n v\u1ec1 s\u1ef1 t\u1ed5n h\u1ea1i th\u1ec3 ch\u1ea5t v\u00e0 tinh th\u1ea7n. H\u1ecd ph\u1ea3i \u0111\u01b0\u1ee3c tr\u00e2n tr\u1ecdng, n\u00e2ng niu v\u00e0 b\u1ea3o v\u1ec7.\n\t\t\t\t\t\t\t\t\t\t<figure>\n\t\t\t\t\t\t\t\t\t\t<img loading=\"lazy\" decoding=\"async\" width=\"368\" height=\"504\" src=\"https:\/\/www.cdcgvnbrisbane.net\/wp-content\/uploads\/2023\/08\/KhanhLe.jpg\" alt=\"\" srcset=\"https:\/\/www.cdcgvnbrisbane.net\/wp-content\/uploads\/2023\/08\/KhanhLe.jpg 368w, https:\/\/www.cdcgvnbrisbane.net\/wp-content\/uploads\/2023\/08\/KhanhLe-219x300.jpg 219w\" sizes=\"auto, (max-width: 368px) 100vw, 368px\" \/>\t\t\t\t\t\t\t\t\t\t\t<figcaption>Ng\u01b0\u1eddi \u0111\u1ea1i di\u1ec7n ban b\u1ea3o v\u1ec7 tr\u1ebb em \u2013 Khanh Le<\/figcaption>\n\t\t\t\t\t\t\t\t\t\t<\/figure>\n\t\t<p>M\u1ed7i x\u1ee9 \u0111\u1ea1o trong \u0111\u1ecba ph\u1eadn Brisbane c\u1ea7n ph\u1ea3i c\u1eed m\u1ed9t ng\u01b0\u1eddi \u0111\u1ea1i di\u1ec7n cho vi\u1ec7c b\u1ea3o v\u1ec7 tr\u1ebb em. Ng\u01b0\u1eddi \u0111\u1ea1i di\u00ean n\u00e0y c\u00f3 nhi\u00eam v\u1ee5:<\/p>\n<ol>\n<li style=\"text-align: left;\">\u0110\u1ea3m b\u1ea3o r\u1eb1ng to\u00e0n b\u1ed9 x\u1ee9 \u0111\u1ea1o nh\u1eadn th\u1ee9c \u0111\u01b0\u1ee3c t\u1ea7m quan tr\u1ecdng c\u1ee7a vi\u1ec7c b\u1ea3o v\u1ec7 tr\u1ebb em v\u00e0 ng\u01b0\u1eddi l\u1edbn d\u1ec5 b\u1ecb t\u1ed5n th\u01b0\u01a1ng.<\/li>\n<li>Th\u00fac \u0111\u1ea9y c\u00e1c ch\u01b0\u01a1ng tr\u00ecnh v\u1ec1 vi\u1ec7c an to\u00e0n bao g\u1ed3m c\u1ea3 vi\u1ec7c nh\u1eafc nh\u1edf cho ng\u01b0\u1eddi kh\u00e1c v\u1ec1 c\u00e1c h\u00e0nh vi ph\u00f9 h\u1ee3p v\u00e0 kh\u00f4ng ph\u00f9 h\u1ee3p.<\/li>\n<li>H\u1ed7 tr\u1ee3 ng\u01b0\u1eddi qu\u1ea3n tr\u1ecb x\u1ee9 \u0111\u1ea1o trong vi\u1ec7c th\u1ef1c hi\u1ec7n ch\u00ednh s\u00e1ch b\u1ea3o v\u1ec7 tr\u1ebb em v\u00e0 ng\u01b0\u1eddi l\u1edbn d\u1ec5 b\u1ecb t\u1ed5n th\u01b0\u01a1ng c\u1ee7a T\u1ed5ng gi\u00e1o ph\u1eadn trong x\u1ee9 \u0111\u1ea1o.<\/li>\n<\/ol>\n<p>Anh Gioan B. L\u00ea Khanh l\u00e0 m\u1ed9t th\u00e0nh vi\u00ean c\u1ee7a c\u1ed9ng \u0111\u1ed3ng c\u00f4ng gi\u00e1o Vi\u1ec7t Nam \u2013 Brisbane v\u00e0 l\u00e0 ng\u01b0\u1eddi \u0111\u1ea1i di\u1ec7n ban b\u1ea3o v\u1ec7 tr\u1ebb em c\u1ee7a c\u1ed9ng \u0111\u1ed3ng. N\u1ebfu qu\u00fd v\u1ecb c\u00f3 nh\u1eefng \u00fd ki\u1ebfn ho\u1eb7c th\u1eafc m\u1eafc v\u1ec1 vi\u1ec7c b\u1ea3o v\u1ec7 tr\u1ebb em, qu\u00fd v\u1ecb c\u00f3 th\u1ec3 li\u00ean l\u1ea1c ban b\u1ea3o v\u1ec7 tr\u1ebb em qua email <a href=\"mailto:safeguardcdcgvn.bne@gmail.com\">safeguardcdcgvn.bne@gmail.com<\/a>. T\u1ea5t c\u1ea3 c\u00e1c v\u1ea5n \u0111\u1ec1 s\u1ebd \u0111\u01b0\u1ee3c gi\u1ea3i quy\u1ebft m\u1ed9t c\u00e1ch t\u1ebf nh\u1ecb v\u00e0 k\u00edn \u0111\u00e1o.<\/p>","protected":false},"excerpt":{"rendered":"<p>VI\u1ec6C B\u1ea2O V\u1ec6 TR\u1eba EM C\u1ea3 C\u1ed9ng \u0110\u1ed3ng C\u00f9ng Chung Tay Chi ti\u1ebft v\u00e0 ch\u00ednh s\u00e1ch v\u1ec1 vi\u1ec7c b\u1ea3o v\u1ec7 tr\u1ebb em v\u00e0 ng\u01b0\u1eddi l\u1edbn d\u1ec5 b\u1ecb t\u1ed5n th\u01b0\u01a1ng c\u1ee7a&hellip;<\/p>\n","protected":false},"author":1,"featured_media":0,"parent":0,"menu_order":0,"comment_status":"closed","ping_status":"closed","template":"","meta":{"footnotes":""},"class_list":["post-13","page","type-page","status-publish","hentry"],"_links":{"self":[{"href":"https:\/\/test.cdcgvnbrisbane.net\/index.php?rest_route=\/wp\/v2\/pages\/13","targetHints":{"allow":["GET"]}}],"collection":[{"href":"https:\/\/test.cdcgvnbrisbane.net\/index.php?rest_route=\/wp\/v2\/pages"}],"about":[{"href":"https:\/\/test.cdcgvnbrisbane.net\/index.php?rest_route=\/wp\/v2\/types\/page"}],"author":[{"embeddable":true,"href":"https:\/\/test.cdcgvnbrisbane.net\/index.php?rest_route=\/wp\/v2\/users\/1"}],"replies":[{"embeddable":true,"href":"https:\/\/test.cdcgvnbrisbane.net\/index.php?rest_route=%2Fwp%2Fv2%2Fcomments&post=13"}],"version-history":[{"count":51,"href":"https:\/\/test.cdcgvnbrisbane.net\/index.php?rest_route=\/wp\/v2\/pages\/13\/revisions"}],"predecessor-version":[{"id":824,"href":"https:\/\/test.cdcgvnbrisbane.net\/index.php?rest_route=\/wp\/v2\/pages\/13\/revisions\/824"}],"wp:attachment":[{"href":"https:\/\/test.cdcgvnbrisbane.net\/index.php?rest_route=%2Fwp%2Fv2%2Fmedia&parent=13"}],"curies":[{"name":"wp","href":"https:\/\/api.w.org\/{rel}","templated":true}]}}