{"id":840,"date":"2025-04-12T10:52:22","date_gmt":"2025-04-12T00:52:22","guid":{"rendered":"https:\/\/www.cdcgvnbrisbane.net\/?page_id=840"},"modified":"2025-05-13T15:10:38","modified_gmt":"2025-05-13T05:10:38","slug":"ban-muc-vu-2022","status":"publish","type":"page","link":"https:\/\/test.cdcgvnbrisbane.net\/?page_id=840","title":{"rendered":"BAN M\u1ee4C V\u1ee4"},"content":{"rendered":"\n<p class=\"has-medium-font-size\"><strong>Th\u00f4ng Tin Li\u00ean L\u1ea1c &amp; Th\u00e0nh Ph\u1ea7n Ban M\u1ee5c V\u1ee5<\/strong><\/p>\n\n\n\n<p><strong>Li\u00ean l\u1ea1c chung: <\/strong><a href=\"mailto:banmucvu@cdcgvnbrisbane.net\">banmucvu@cdcgvnbrisbane.net<\/a><\/p>\n\n\n\n<ul class=\"wp-block-list\">\n<li><strong>Ch\u1ee7 T\u1ecbch<\/strong>: <em>Thomas Ken Hu\u1ef3nh<\/em><\/li>\n\n\n\n<li><strong>N\u1ed9i v\u1ee5<\/strong>:\n<ul class=\"wp-block-list\">\n<li><strong>Ph\u1ee5 tr\u00e1ch c\u01a1 s\u1edf, b\u1ea3o tr\u00ec:<\/strong>\n<ul class=\"wp-block-list\">\n<li><em>\u0110\u00f4minic\u00f4 \u0110\u1ed7 V\u0103n Quang<\/em><\/li>\n\n\n\n<li><strong>Ph\u1ee5 t\u00e1: <\/strong>\n<ul class=\"wp-block-list\">\n<li><em>Vincent\u00e9 Nguy\u1ec5n Minh \u0110\u1ecbnh<\/em><\/li>\n\n\n\n<li><em>Giuse B\u00f9i V\u0103n L\u1ea1c<\/em><\/li>\n<\/ul>\n<\/li>\n<\/ul>\n<\/li>\n\n\n\n<li><strong>Ph\u1ee5 tr\u00e1ch H\u1ed9i \u0110o\u00e0n &#8211; Phong Tr\u00e0o &#8211; T\u1ed5 Ch\u1ee9c:<\/strong>\n<ul class=\"wp-block-list\">\n<li><em>Gioan Baotixita<\/em> <\/li>\n\n\n\n<li><em>Ho\u00e0ng Minh Tri\u1ebft<\/em><\/li>\n\n\n\n<li><strong>Ph\u1ee5 t\u00e1:<\/strong> \n<ul class=\"wp-block-list\">\n<li><em>Gioan Baotixita \u0110inh Vi\u1ec7t D\u0169ng<\/em><\/li>\n<\/ul>\n<\/li>\n<\/ul>\n<\/li>\n<\/ul>\n<\/li>\n\n\n\n<li><strong>Ngo\u1ea1i V\u1ee5<\/strong>:<em> Mary T\u00f4 \u00c1i Ki\u1ec1u<\/em>\n<ul class=\"wp-block-list\">\n<li><strong>Ban K\u1ebf Ho\u1ea1ch:<\/strong> \n<ul class=\"wp-block-list\">\n<li><em>Giuse D\u01b0\u01a1ng V\u0103n Minh<\/em><\/li>\n\n\n\n<li><strong>Ph\u1ee5 t\u00e1: <\/strong>\n<ul class=\"wp-block-list\">\n<li><em>Anna B\u00f9i Th\u1ecb Kim Huy\u1ec1n<\/em><\/li>\n\n\n\n<li><em>Giuse V\u0169 V\u0103n Ch\u01b0\u01a1ng<\/em><\/li>\n<\/ul>\n<\/li>\n<\/ul>\n<\/li>\n\n\n\n<li><strong>Ban X\u00e2y D\u1ef1ng:<\/strong>\n<ul class=\"wp-block-list\">\n<li><em>Giuse Ph\u1ea1m V\u0103n C\u01b0\u01a1ng<\/em><\/li>\n\n\n\n<li><em>Giuse \u0110inh Thanh T\u00fa<\/em><\/li>\n<\/ul>\n<\/li>\n<\/ul>\n<\/li>\n\n\n\n<li><strong>Th\u01b0 K\u00fd:<\/strong> <em>Ant\u00f4n Ph\u1ea1m Thanh H\u1ea3i<\/em><\/li>\n\n\n\n<li><strong>Ban T\u00e0i Ch\u00e1nh:<\/strong>\n<ul class=\"wp-block-list\">\n<li><strong>Tr\u01b0\u1edfng Ban: <\/strong>\n<ul class=\"wp-block-list\">\n<li><em>Maria Tr\u1ea7n Ng\u1ecdc Tr\u00e2m Anh<\/em><\/li>\n<\/ul>\n<\/li>\n\n\n\n<li><strong>Ph\u1ee5 t\u00e1: <\/strong>\n<ul class=\"wp-block-list\">\n<li><em>Maria Chu Ph\u01b0\u01a1ng H\u1ed3ng<\/em><\/li>\n\n\n\n<li><em>Cecilia L\u00ea Th\u1ecb Ng\u1ecdc Gi\u1ea7u<\/em><\/li>\n<\/ul>\n<\/li>\n<\/ul>\n<\/li>\n<\/ul>\n","protected":false},"excerpt":{"rendered":"<p>Th\u00f4ng Tin Li\u00ean L\u1ea1c &amp; Th\u00e0nh Ph\u1ea7n Ban M\u1ee5c V\u1ee5 Li\u00ean l\u1ea1c chung: banmucvu@cdcgvnbrisbane.net<\/p>\n","protected":false},"author":4,"featured_media":923,"parent":0,"menu_order":0,"comment_status":"closed","ping_status":"closed","template":"","meta":{"footnotes":""},"class_list":["post-840","page","type-page","status-publish","has-post-thumbnail","hentry"],"_links":{"self":[{"href":"https:\/\/test.cdcgvnbrisbane.net\/index.php?rest_route=\/wp\/v2\/pages\/840","targetHints":{"allow":["GET"]}}],"collection":[{"href":"https:\/\/test.cdcgvnbrisbane.net\/index.php?rest_route=\/wp\/v2\/pages"}],"about":[{"href":"https:\/\/test.cdcgvnbrisbane.net\/index.php?rest_route=\/wp\/v2\/types\/page"}],"author":[{"embeddable":true,"href":"https:\/\/test.cdcgvnbrisbane.net\/index.php?rest_route=\/wp\/v2\/users\/4"}],"replies":[{"embeddable":true,"href":"https:\/\/test.cdcgvnbrisbane.net\/index.php?rest_route=%2Fwp%2Fv2%2Fcomments&post=840"}],"version-history":[{"count":9,"href":"https:\/\/test.cdcgvnbrisbane.net\/index.php?rest_route=\/wp\/v2\/pages\/840\/revisions"}],"predecessor-version":[{"id":987,"href":"https:\/\/test.cdcgvnbrisbane.net\/index.php?rest_route=\/wp\/v2\/pages\/840\/revisions\/987"}],"wp:featuredmedia":[{"embeddable":true,"href":"https:\/\/test.cdcgvnbrisbane.net\/index.php?rest_route=\/wp\/v2\/media\/923"}],"wp:attachment":[{"href":"https:\/\/test.cdcgvnbrisbane.net\/index.php?rest_route=%2Fwp%2Fv2%2Fmedia&parent=840"}],"curies":[{"name":"wp","href":"https:\/\/api.w.org\/{rel}","templated":true}]}}