{"id":846,"date":"2025-04-12T11:05:20","date_gmt":"2025-04-12T01:05:20","guid":{"rendered":"https:\/\/www.cdcgvnbrisbane.net\/?page_id=846"},"modified":"2025-05-13T20:03:05","modified_gmt":"2025-05-13T10:03:05","slug":"ban-tuyen-uy","status":"publish","type":"page","link":"https:\/\/test.cdcgvnbrisbane.net\/?page_id=846","title":{"rendered":"BAN TUY\u00caN \u00daY"},"content":{"rendered":"\n<p style=\"font-size:18px\"><strong>TH\u00c0NH PH\u1ea6N TU S\u0128 PH\u1ee4C V\u1ee4 C\u1ed8NG \u0110O\u00c0N<\/strong><\/p>\n\n\n\n<p style=\"font-size:18px\"><strong>Linh m\u1ee5c Tuy\u00ean \u00day<\/strong><br>Cha Giuse V\u0169 Minh Nguy\u00ean, SVD<br>\ud83d\udcde \u0110i\u1ec7n tho\u1ea1i: 0422 040 918<\/p>\n\n\n\n<p style=\"font-size:18px\"><strong>Linh m\u1ee5c Ph\u1ee5 T\u00e1<\/strong><br>Cha Gioan Phan \u0110\u00ecnh Quang, SVD<br>\ud83d\udcde \u0110i\u1ec7n tho\u1ea1i: 0424 565 324<\/p>\n\n\n\n<p style=\"font-size:18px\"><strong>S\u01a1 Ph\u1ee5 T\u00e1 M\u1ee5c V\u1ee5<\/strong><br>S\u01a1 Maria V\u0169 Ng\u1ecdc M\u1ef9, FdCC<br>\ud83d\udcde \u0110i\u1ec7n tho\u1ea1i: 0438 304 572<\/p>\n\n\n\n<p><\/p>\n","protected":false},"excerpt":{"rendered":"<p>TH\u00c0NH PH\u1ea6N TU S\u0128 PH\u1ee4C V\u1ee4 C\u1ed8NG \u0110O\u00c0N Linh m\u1ee5c Tuy\u00ean \u00dayCha Giuse V\u0169 Minh Nguy\u00ean, SVD\ud83d\udcde \u0110i\u1ec7n tho\u1ea1i: 0422 040 918 Linh m\u1ee5c Ph\u1ee5 T\u00e1Cha Gioan Phan \u0110\u00ecnh Quang,&hellip;<\/p>\n","protected":false},"author":4,"featured_media":923,"parent":0,"menu_order":0,"comment_status":"closed","ping_status":"closed","template":"","meta":{"footnotes":""},"class_list":["post-846","page","type-page","status-publish","has-post-thumbnail","hentry"],"_links":{"self":[{"href":"https:\/\/test.cdcgvnbrisbane.net\/index.php?rest_route=\/wp\/v2\/pages\/846","targetHints":{"allow":["GET"]}}],"collection":[{"href":"https:\/\/test.cdcgvnbrisbane.net\/index.php?rest_route=\/wp\/v2\/pages"}],"about":[{"href":"https:\/\/test.cdcgvnbrisbane.net\/index.php?rest_route=\/wp\/v2\/types\/page"}],"author":[{"embeddable":true,"href":"https:\/\/test.cdcgvnbrisbane.net\/index.php?rest_route=\/wp\/v2\/users\/4"}],"replies":[{"embeddable":true,"href":"https:\/\/test.cdcgvnbrisbane.net\/index.php?rest_route=%2Fwp%2Fv2%2Fcomments&post=846"}],"version-history":[{"count":10,"href":"https:\/\/test.cdcgvnbrisbane.net\/index.php?rest_route=\/wp\/v2\/pages\/846\/revisions"}],"predecessor-version":[{"id":996,"href":"https:\/\/test.cdcgvnbrisbane.net\/index.php?rest_route=\/wp\/v2\/pages\/846\/revisions\/996"}],"wp:featuredmedia":[{"embeddable":true,"href":"https:\/\/test.cdcgvnbrisbane.net\/index.php?rest_route=\/wp\/v2\/media\/923"}],"wp:attachment":[{"href":"https:\/\/test.cdcgvnbrisbane.net\/index.php?rest_route=%2Fwp%2Fv2%2Fmedia&parent=846"}],"curies":[{"name":"wp","href":"https:\/\/api.w.org\/{rel}","templated":true}]}}