{"id":857,"date":"2025-04-12T11:13:09","date_gmt":"2025-04-12T01:13:09","guid":{"rendered":"https:\/\/www.cdcgvnbrisbane.net\/?page_id=857"},"modified":"2025-05-13T20:20:01","modified_gmt":"2025-05-13T10:20:01","slug":"suy-niem","status":"publish","type":"page","link":"https:\/\/test.cdcgvnbrisbane.net\/?page_id=857","title":{"rendered":"SUY NI\u1ec6M"},"content":{"rendered":"\n<div class=\"wp-block-query is-layout-flow wp-block-query-is-layout-flow\"><ul class=\"columns-3 wp-block-post-template is-layout-grid wp-container-core-post-template-is-layout-2fc57c17 wp-block-post-template-is-layout-grid\"><li class=\"wp-block-post post-889 post type-post status-publish format-standard hentry category-thong-bao\">\n\n<div class=\"wp-block-group\" style=\"padding-top:30px;padding-right:30px;padding-bottom:30px;padding-left:30px\"><div class=\"wp-block-group__inner-container is-layout-flow wp-block-group-is-layout-flow\"><h2 style=\"font-size:15px;\" class=\"wp-block-post-title\"><a href=\"https:\/\/test.cdcgvnbrisbane.net\/?p=889\" target=\"_self\" >Th\u00f4ng b\u00e1o c\u1ee7a Cha Tuy\u00ean \u00day tr\u01b0\u1edbc Tu\u1ea7n Th\u00e1nh<\/a><\/h2>\n\n<div style=\"font-size:12px;\" class=\"wp-block-post-date\"><time datetime=\"2025-04-18T13:58:51+10:00\">18 April 2025<\/time><\/div><\/div><\/div>\n\n<\/li><li class=\"wp-block-post post-883 post type-post status-publish format-standard has-post-thumbnail hentry category-suy-niem\">\n\n<div class=\"wp-block-group\" style=\"padding-top:30px;padding-right:30px;padding-bottom:30px;padding-left:30px\"><div class=\"wp-block-group__inner-container is-layout-flow wp-block-group-is-layout-flow\"><h2 style=\"font-size:15px;\" class=\"wp-block-post-title\"><a href=\"https:\/\/test.cdcgvnbrisbane.net\/?p=883\" target=\"_self\" >Suy ni\u1ec7m: S\u1ed0NG L\u1ea0I L\u00c0 G\u00cc?<\/a><\/h2>\n\n<div style=\"font-size:12px;\" class=\"wp-block-post-date\"><time datetime=\"2025-04-18T13:50:50+10:00\">18 April 2025<\/time><\/div><\/div><\/div>\n\n<\/li><li class=\"wp-block-post post-879 post type-post status-publish format-standard hentry category-ban-tin-hang-tuan\">\n\n<div class=\"wp-block-group\" style=\"padding-top:30px;padding-right:30px;padding-bottom:30px;padding-left:30px\"><div class=\"wp-block-group__inner-container is-layout-flow wp-block-group-is-layout-flow\"><h2 style=\"font-size:15px;\" class=\"wp-block-post-title\"><a href=\"https:\/\/test.cdcgvnbrisbane.net\/?p=879\" target=\"_self\" >B\u1ea3n tin Ch\u00faa Nh\u1eadt Ph\u1ee5c Sinh \u2013 N\u0103m C (20\/04\/2025)<\/a><\/h2>\n\n<div style=\"font-size:12px;\" class=\"wp-block-post-date\"><time datetime=\"2025-04-18T13:46:13+10:00\">18 April 2025<\/time><\/div><\/div><\/div>\n\n<\/li><li class=\"wp-block-post post-872 post type-post status-publish format-standard hentry category-thong-bao\">\n\n<div class=\"wp-block-group\" style=\"padding-top:30px;padding-right:30px;padding-bottom:30px;padding-left:30px\"><div class=\"wp-block-group__inner-container is-layout-flow wp-block-group-is-layout-flow\"><h2 style=\"font-size:15px;\" class=\"wp-block-post-title\"><a href=\"https:\/\/test.cdcgvnbrisbane.net\/?p=872\" target=\"_self\" >Tu\u1ea7n C\u1eedu Nh\u1eadt k\u00ednh L\u00f2ng Ch\u00faa Th\u01b0\u01a1ng X\u00f3t 2025<\/a><\/h2>\n\n<div style=\"font-size:12px;\" class=\"wp-block-post-date\"><time datetime=\"2025-04-16T15:32:23+10:00\">16 April 2025<\/time><\/div><\/div><\/div>\n\n<\/li><li class=\"wp-block-post post-855 post type-post status-publish format-standard has-post-thumbnail hentry category-suy-niem\">\n\n<div class=\"wp-block-group\" style=\"padding-top:30px;padding-right:30px;padding-bottom:30px;padding-left:30px\"><div class=\"wp-block-group__inner-container is-layout-flow wp-block-group-is-layout-flow\"><h2 style=\"font-size:15px;\" class=\"wp-block-post-title\"><a href=\"https:\/\/test.cdcgvnbrisbane.net\/?p=855\" target=\"_self\" >Suy ni\u1ec7m: GI\u1edc C\u1ee6A CH\u00daA N\u01a0I T\u00ccNH Y\u00caU TH\u1eacP GI\u00c1<\/a><\/h2>\n\n<div style=\"font-size:12px;\" class=\"wp-block-post-date\"><time datetime=\"2025-04-12T11:12:14+10:00\">12 April 2025<\/time><\/div><\/div><\/div>\n\n<\/li><li class=\"wp-block-post post-830 post type-post status-publish format-standard hentry category-ban-tin-hang-tuan\">\n\n<div class=\"wp-block-group\" style=\"padding-top:30px;padding-right:30px;padding-bottom:30px;padding-left:30px\"><div class=\"wp-block-group__inner-container is-layout-flow wp-block-group-is-layout-flow\"><h2 style=\"font-size:15px;\" class=\"wp-block-post-title\"><a href=\"https:\/\/test.cdcgvnbrisbane.net\/?p=830\" target=\"_self\" >B\u1ea3n tin Ch\u00faa Nh\u1eadt L\u1ec5 L\u00e1 &#8211; N\u0103m C (13\/04\/2025)<\/a><\/h2>\n\n<div style=\"font-size:12px;\" class=\"wp-block-post-date\"><time datetime=\"2025-04-12T10:34:44+10:00\">12 April 2025<\/time><\/div><\/div><\/div>\n\n<\/li><\/ul><\/div>\n","protected":false},"excerpt":{"rendered":"","protected":false},"author":4,"featured_media":922,"parent":0,"menu_order":0,"comment_status":"closed","ping_status":"closed","template":"","meta":{"footnotes":""},"class_list":["post-857","page","type-page","status-publish","has-post-thumbnail","hentry"],"_links":{"self":[{"href":"https:\/\/test.cdcgvnbrisbane.net\/index.php?rest_route=\/wp\/v2\/pages\/857","targetHints":{"allow":["GET"]}}],"collection":[{"href":"https:\/\/test.cdcgvnbrisbane.net\/index.php?rest_route=\/wp\/v2\/pages"}],"about":[{"href":"https:\/\/test.cdcgvnbrisbane.net\/index.php?rest_route=\/wp\/v2\/types\/page"}],"author":[{"embeddable":true,"href":"https:\/\/test.cdcgvnbrisbane.net\/index.php?rest_route=\/wp\/v2\/users\/4"}],"replies":[{"embeddable":true,"href":"https:\/\/test.cdcgvnbrisbane.net\/index.php?rest_route=%2Fwp%2Fv2%2Fcomments&post=857"}],"version-history":[{"count":6,"href":"https:\/\/test.cdcgvnbrisbane.net\/index.php?rest_route=\/wp\/v2\/pages\/857\/revisions"}],"predecessor-version":[{"id":999,"href":"https:\/\/test.cdcgvnbrisbane.net\/index.php?rest_route=\/wp\/v2\/pages\/857\/revisions\/999"}],"wp:featuredmedia":[{"embeddable":true,"href":"https:\/\/test.cdcgvnbrisbane.net\/index.php?rest_route=\/wp\/v2\/media\/922"}],"wp:attachment":[{"href":"https:\/\/test.cdcgvnbrisbane.net\/index.php?rest_route=%2Fwp%2Fv2%2Fmedia&parent=857"}],"curies":[{"name":"wp","href":"https:\/\/api.w.org\/{rel}","templated":true}]}}